{"id":7934,"date":"2025-04-16T15:45:52","date_gmt":"2025-04-16T13:45:52","guid":{"rendered":"https:\/\/www.healthyandsafe.biz\/agb\/"},"modified":"2025-07-23T17:03:18","modified_gmt":"2025-07-23T15:03:18","slug":"agb","status":"publish","type":"page","link":"https:\/\/www.healthyandsafe.ch\/de\/agb\/","title":{"rendered":"AGB"},"content":{"rendered":"\t\t<div data-elementor-type=\"wp-page\" data-elementor-id=\"7934\" class=\"elementor elementor-7934 elementor-63\" data-elementor-post-type=\"page\">\n\t\t\t\t<div class=\"elementor-element elementor-element-8bff5cd e-flex e-con-boxed e-con e-parent\" data-id=\"8bff5cd\" data-element_type=\"container\" data-e-type=\"container\">\n\t\t\t\t\t<div class=\"e-con-inner\">\n\t\t\t\t<div class=\"elementor-element elementor-element-15a3f1e elementor-widget elementor-widget-heading\" data-id=\"15a3f1e\" data-element_type=\"widget\" data-e-type=\"widget\" data-widget_type=\"heading.default\">\n\t\t\t\t<div class=\"elementor-widget-container\">\n\t\t\t\t\t<h1 class=\"elementor-heading-title elementor-size-default\">AGB<\/h1>\t\t\t\t<\/div>\n\t\t\t\t<\/div>\n\t\t\t\t\t<\/div>\n\t\t\t\t<\/div>\n\t\t<div class=\"elementor-element elementor-element-6a679f9 e-flex e-con-boxed e-con e-parent\" data-id=\"6a679f9\" data-element_type=\"container\" data-e-type=\"container\">\n\t\t\t\t\t<div class=\"e-con-inner\">\n\t\t\t\t<div class=\"elementor-element elementor-element-9175422 elementor-widget elementor-widget-text-editor\" data-id=\"9175422\" data-element_type=\"widget\" data-e-type=\"widget\" data-widget_type=\"text-editor.default\">\n\t\t\t\t<div class=\"elementor-widget-container\">\n\t\t\t\t\t\t\t\t\t<p><strong>Allgemeine Gesch\u00e4ftsbedingungen (AGB) f\u00fcr Dienstleistungen von HEALTHY AND SAFE AWAY FROM HOME \u2013 Luitgard Holzleg<\/strong><\/p>\t\t\t\t\t\t\t\t<\/div>\n\t\t\t\t<\/div>\n\t\t\t\t<div class=\"elementor-element elementor-element-d724504 elementor-widget elementor-widget-text-editor\" data-id=\"d724504\" data-element_type=\"widget\" data-e-type=\"widget\" data-widget_type=\"text-editor.default\">\n\t\t\t\t<div class=\"elementor-widget-container\">\n\t\t\t\t\t\t\t\t\t<p><strong>Geltungsbereich<\/strong><\/p><p>Die Allgemeinen Gesch\u00e4ftsbedingungen (AGB) gelten f\u00fcr alle Kurse und Dienstleistungen f\u00fcr Einzelpersonen, die von HEALTHY AND SAFE AWAY FROM HOME \u2013 Luitgard Holzleg angeboten werden. Sie sind integraler Bestandteil des Kurs- oder Dienstleistungsvertrages mit jedem Kursteilnehmer. <\/p><p><strong>Vorl\u00e4ufige Reservationsanfragen<\/strong><\/p><p>Vorl\u00e4ufige Reservationsanfragen k\u00f6nnen per E-Mail an HEALTHY AND SAFE AWAY FROM HOME (info@healthyandsafe.biz) gesendet werden. Zur Sicherung Ihres Platzes muss das ausgef\u00fcllte Anmeldeformular innerhalb von 5 Tagen ab der vorl\u00e4ufigen Reservation per E-Mail oder Post eingegangen sein. <\/p><p><strong>Anmeldung<\/strong><\/p><p>Das Online-Anmeldeformular muss f\u00fcr \u00f6ffentliche Erste-Hilfe-Kurse ausgef\u00fcllt und zur\u00fcckgesendet werden, um den Anmeldeprozess abzuschliessen. Nach Eingang des Anmeldeformulars wird eine Best\u00e4tigungs-E-Mail versendet. Die Allgemeinen Gesch\u00e4ftsbedingungen werden zusammen mit der Anmeldebest\u00e4tigung \u00fcbermittelt. Nach Erhalt hat der Kursteilnehmer 2 Tage Zeit, von der Anmeldung zur\u00fcckzutreten. Nach 4 Tagen gelten die Bedingungen als akzeptiert.<br>Mit dem Ausf\u00fcllen und Zur\u00fccksenden des Anmeldeformulars erkl\u00e4ren sich die Teilnehmenden mit den Kursbedingungen einverstanden.<br>Personenbezogene Daten werden ausschliesslich f\u00fcr die Anmeldung, Kommunikation und Zertifizierung verwendet.<br>Ist die anmeldende Person minderj\u00e4hrig (unter 18 Jahren), muss sie zus\u00e4tzlich eine Kontakt-E-Mail-Adresse eines Elternteils oder Erziehungsberechtigten angeben, der die AGB und die Stornobedingungen akzeptieren muss, damit die Anmeldung g\u00fcltig ist.    <\/p><p><strong>Anmeldebest\u00e4tigung<\/strong><\/p><p>Der Eingang der Anmeldung wird per E-Mail best\u00e4tigt. Die Kontodaten f\u00fcr die Kursgeb\u00fchr werden mit der Anmeldebest\u00e4tigung \u00fcbermittelt. <\/p><p><strong>Kursgeb\u00fchren und Zahlung<\/strong><\/p><p>Das im Best\u00e4tigungsschreiben angegebene Zahlungsdatum ist verbindlich. Die Zahlung der Kursgeb\u00fchr ist Voraussetzung f\u00fcr die Kursteilnahme. Bei Nichtzahlung bis zum Zahlungsdatum kann der Platz neu vergeben werden.<br>Die einzelnen Kursgeb\u00fchren sind auf der Website und in der Best\u00e4tigungs-E-Mail ersichtlich. Sofern nicht anders angegeben, ist die Zahlung entweder bar am Kurstag oder als Vorauszahlung per Bank\u00fcberweisung oder TWINT zu leisten.   <\/p><p><strong>Kursorganisation<\/strong><\/p><p>Aus organisatorischen Gr\u00fcnden beh\u00e4lt sich der Kursveranstalter das Recht vor, Klassen zusammenzulegen, zu verschieben, den Veranstaltungsort zu \u00e4ndern oder Kurse aus wichtigen, unvorhergesehenen Gr\u00fcnden zu verk\u00fcrzen. Kann ein Kursleiter nicht teilnehmen, kann der Veranstalter den Kurs absagen und zu einem sp\u00e4teren Zeitpunkt nachholen oder einen anderen Kursleiter bzw. Ersatz bestimmen. <\/p><p><strong>Durchf\u00fchrung<\/strong><\/p><p>Der Kursveranstalter legt eine Mindest- und H\u00f6chstteilnehmerzahl f\u00fcr jeden Kurs fest. Die Pl\u00e4tze werden in der Reihenfolge der eingegangenen Anmeldungen und bei fristgerechter Zahlung vergeben. Bei ungen\u00fcgender Teilnehmerzahl ist der Kursveranstalter berechtigt, den Kurs nicht durchzuf\u00fchren. In diesem Fall wird die Kursgeb\u00fchr zur\u00fcckerstattet oder erlassen.<br>F\u00fcr einen erfolgreichen und angenehmen Kursverlauf werden die Teilnehmenden gebeten, ihre Mobiltelefone w\u00e4hrend des Unterrichts stummzuschalten.   <\/p><p><strong>Pr\u00fcfungen<\/strong><\/p><p>Praktische Pr\u00fcfungen k\u00f6nnen w\u00e4hrend der Kurse stattfinden und m\u00fcssen je nach Kurs bestanden werden, um ein Zertifikat zu erhalten.<\/p><p><strong>Kleiderordnung<\/strong><\/p><p>Es gibt keine Kleiderordnung f\u00fcr unsere Kurse. Es wird jedoch empfohlen, bequeme Kleidung zu tragen, da praktische \u00dcbungen im Sitzen, Knien oder Liegen auf dem Boden durchgef\u00fchrt werden.<\/p><p><strong>Verpflegung<\/strong><\/p><p>W\u00e4hrend der Kurse wird keine Verpflegung angeboten; jede\/r Teilnehmer\/in ist selbst verantwortlich f\u00fcr pers\u00f6nliche Verpflegung wie Essen, Snacks oder Getr\u00e4nke am Kurstag. F\u00fcr Kurse und Dienstleistungen, die im Kursraum von HEALTHY AND SAFE AWAY FROM HOME \u2013 Luitgard Holzleg stattfinden, stehen kostenlose Heissgetr\u00e4nke zur Verf\u00fcgung. <\/p><p><strong>Nichtzulassung, Ausschluss<\/strong><\/p><p>In wichtigen, begr\u00fcndeten F\u00e4llen beh\u00e4lt sich der Kursveranstalter das Recht vor, Personen nicht zum Kurs zuzulassen oder vom Kurs auszuschliessen. Bei Ausschluss erfolgt keine R\u00fcckerstattung der Kursgeb\u00fchr. <\/p><p><strong>Stornierungen<\/strong><\/p><p>Stornierungen m\u00fcssen schriftlich per E-Mail oder Post eingereicht werden. Im Falle einer Stornierung verrechnet HEALTHY AND SAFE AWAY FROM HOME \u2013 Luitgard Holzleg folgende Stornierungs- und Administrationsgeb\u00fchren: <\/p><ul><li>Bis 30 Tage vor Kursdatum: CHF 50 (Administrationsgeb\u00fchr)<\/li><li>Bis 15 Tage vor Kursdatum: 50 % der Kursgeb\u00fchr<\/li><li>Bis 1 Woche vor Kursdatum: 75 % der Kursgeb\u00fchr<\/li><li>W\u00e4hrend der Woche vor Kursdatum: 100 % der Kursgeb\u00fchr<\/li><li>Nichterscheinen am Kurstag: 100 % der Kursgeb\u00fchr (eine Rechnung wird an die bei der Anmeldung angegebene Adresse gesendet)<\/li><\/ul><p>Nichtteilnahme an einem Kurs, der noch nicht bezahlt wurde, befreit nicht von der Zahlungspflicht. Bei teilweiser oder kompletter Nichtteilnahme an einem gebuchten und bezahlten Kurs erfolgt keine R\u00fcckerstattung. Eine R\u00fcckerstattung oder Erlass erfolgt nur bei wichtigen Gr\u00fcnden wie Krankheit oder Unfall (gegen Vorlage eines Arztzeugnisses).  <\/p><p><strong>Versicherung<\/strong><\/p><p>HEALTHY AND SAFE AWAY FROM HOME \u2013 Luitgard Holzleg \u00fcbernimmt keine Haftung f\u00fcr Sch\u00e4den, die durch die vom Veranstalter organisierten Kurse und Dienstleistungen entstehen. Die Teilnehmenden sind verpflichtet, f\u00fcr einen angemessenen Versicherungsschutz zu sorgen. Sie sind verpflichtet, die f\u00fcr die Kursr\u00e4ume geltenden Regeln und Vorschriften einzuhalten. Die Benutzung der Einrichtungen und Materialien des Veranstalters oder Dritter im Rahmen der Kurse erfolgt auf eigenes Risiko der Teilnehmenden. Der Veranstalter haftet nicht f\u00fcr Diebstahl oder Verlust von Gegenst\u00e4nden.    <\/p><p><strong>Programm- und Preis\u00e4nderungen<\/strong><\/p><p>Der Kursveranstalter beh\u00e4lt sich das Recht vor, Programm- und Preis\u00e4nderungen vorzunehmen. \u00c4nderungen werden rechtzeitig bekannt gegeben. <\/p><p>Anwendbares Recht und Gerichtsstand<br>Auf alle Rechtsbeziehungen zwischen den Teilnehmenden und dem Kursveranstalter HEALTHY AND SAFE AWAY FROM HOME \u2013 Luitgard Holzleg findet Schweizer Recht Anwendung.<\/p>\t\t\t\t\t\t\t\t<\/div>\n\t\t\t\t<\/div>\n\t\t\t\t\t<\/div>\n\t\t\t\t<\/div>\n\t\t\t\t<\/div>\n\t\t","protected":false},"excerpt":{"rendered":"<p>AGB Allgemeine Gesch\u00e4ftsbedingungen (AGB) f\u00fcr Dienstleistungen von HEALTHY AND SAFE AWAY FROM HOME \u2013 Luitgard Holzleg Geltungsbereich Die Allgemeinen Gesch\u00e4ftsbedingungen (AGB) gelten f\u00fcr alle Kurse und Dienstleistungen f\u00fcr Einzelpersonen, die von HEALTHY AND SAFE AWAY FROM HOME \u2013 Luitgard Holzleg angeboten werden. Sie sind integraler Bestandteil des Kurs- oder Dienstleistungsvertrages mit jedem Kursteilnehmer. Vorl\u00e4ufige Reservationsanfragen [&hellip;]<\/p>\n","protected":false},"author":1,"featured_media":0,"parent":0,"menu_order":0,"comment_status":"closed","ping_status":"closed","template":"","meta":{"_acf_changed":false,"footnotes":""},"class_list":["post-7934","page","type-page","status-publish","hentry"],"acf":[],"_links":{"self":[{"href":"https:\/\/www.healthyandsafe.ch\/de\/wp-json\/wp\/v2\/pages\/7934","targetHints":{"allow":["GET"]}}],"collection":[{"href":"https:\/\/www.healthyandsafe.ch\/de\/wp-json\/wp\/v2\/pages"}],"about":[{"href":"https:\/\/www.healthyandsafe.ch\/de\/wp-json\/wp\/v2\/types\/page"}],"author":[{"embeddable":true,"href":"https:\/\/www.healthyandsafe.ch\/de\/wp-json\/wp\/v2\/users\/1"}],"replies":[{"embeddable":true,"href":"https:\/\/www.healthyandsafe.ch\/de\/wp-json\/wp\/v2\/comments?post=7934"}],"version-history":[{"count":1,"href":"https:\/\/www.healthyandsafe.ch\/de\/wp-json\/wp\/v2\/pages\/7934\/revisions"}],"predecessor-version":[{"id":7935,"href":"https:\/\/www.healthyandsafe.ch\/de\/wp-json\/wp\/v2\/pages\/7934\/revisions\/7935"}],"wp:attachment":[{"href":"https:\/\/www.healthyandsafe.ch\/de\/wp-json\/wp\/v2\/media?parent=7934"}],"curies":[{"name":"wp","href":"https:\/\/api.w.org\/{rel}","templated":true}]}}