{"id":7932,"date":"2025-04-16T15:45:01","date_gmt":"2025-04-16T13:45:01","guid":{"rendered":"https:\/\/www.healthyandsafe.biz\/datenschutzerklaerung\/"},"modified":"2025-08-08T13:28:24","modified_gmt":"2025-08-08T11:28:24","slug":"datenschutzerklaerung","status":"publish","type":"page","link":"https:\/\/www.healthyandsafe.ch\/de\/datenschutzerklaerung\/","title":{"rendered":"Datenschutzerkl\u00e4rung"},"content":{"rendered":"\t\t<div data-elementor-type=\"wp-page\" data-elementor-id=\"7932\" class=\"elementor elementor-7932 elementor-55\" data-elementor-post-type=\"page\">\n\t\t\t\t<div class=\"elementor-element elementor-element-87e2686 e-flex e-con-boxed e-con e-parent\" data-id=\"87e2686\" data-element_type=\"container\" data-e-type=\"container\">\n\t\t\t\t\t<div class=\"e-con-inner\">\n\t\t\t\t<div class=\"elementor-element elementor-element-88c3560 elementor-widget elementor-widget-heading\" data-id=\"88c3560\" data-element_type=\"widget\" data-e-type=\"widget\" data-widget_type=\"heading.default\">\n\t\t\t\t<div class=\"elementor-widget-container\">\n\t\t\t\t\t<h1 class=\"elementor-heading-title elementor-size-default\">Datenschutzerkl\u00e4rung<\/h1>\t\t\t\t<\/div>\n\t\t\t\t<\/div>\n\t\t\t\t\t<\/div>\n\t\t\t\t<\/div>\n\t\t<div class=\"elementor-element elementor-element-8149044 e-flex e-con-boxed e-con e-parent\" data-id=\"8149044\" data-element_type=\"container\" data-e-type=\"container\">\n\t\t\t\t\t<div class=\"e-con-inner\">\n\t\t\t\t<div class=\"elementor-element elementor-element-be14334 elementor-widget elementor-widget-text-editor\" data-id=\"be14334\" data-element_type=\"widget\" data-e-type=\"widget\" data-widget_type=\"text-editor.default\">\n\t\t\t\t<div class=\"elementor-widget-container\">\n\t\t\t\t\t\t\t\t\t<p>Diese Datenschutzerkl\u00e4rung beschreibt unsere Richtlinien und Verfahren zur Erhebung, Nutzung und Offenlegung Ihrer Daten bei der Nutzung unseres Dienstes und informiert Sie \u00fcber Ihre Datenschutzrechte sowie dar\u00fcber, wie das Gesetz Sie sch\u00fctzt.<br>Wir verwenden Ihre personenbezogenen Daten, um den Dienst bereitzustellen und zu verbessern. Durch die Nutzung des Dienstes stimmen Sie der Erhebung und Verwendung von Informationen gem\u00e4ss dieser Datenschutzerkl\u00e4rung zu. <\/p>\t\t\t\t\t\t\t\t<\/div>\n\t\t\t\t<\/div>\n\t\t\t\t<div class=\"elementor-element elementor-element-94fba27 elementor-widget elementor-widget-text-editor\" data-id=\"94fba27\" data-element_type=\"widget\" data-e-type=\"widget\" data-widget_type=\"text-editor.default\">\n\t\t\t\t<div class=\"elementor-widget-container\">\n\t\t\t\t\t\t\t\t\t<h2><strong>Auslegung und Definitionen<\/strong><\/h2><p><strong>Auslegung<\/strong><\/p><p>Begriffe, deren Anfangsbuchstabe grossgeschrieben wird, haben die unter den folgenden Bedingungen definierte Bedeutung. Diese Definitionen gelten unabh\u00e4ngig davon, ob sie im Singular oder im Plural erscheinen. <\/p><p><strong>Begriffsbestimmungen<br><\/strong><br>F\u00fcr die Zwecke dieser Datenschutzerkl\u00e4rung gilt:<br>Konto bezeichnet ein eindeutiges Konto, das f\u00fcr Sie erstellt wurde, um auf unseren Dienst oder Teile davon zuzugreifen.<\/p><p><strong>Partnerunternehmen<\/strong> bezeichnet ein Unternehmen, das eine Partei kontrolliert, von ihr kontrolliert wird oder unter gemeinsamer Kontrolle steht. \u201eKontrolle\u201c bedeutet den Besitz von mindestens 50\u202f% der Anteile, Stimmrechte oder anderen Wertpapiere.<\/p><p><strong>Unternehmen<\/strong> (bezeichnet als \u201edas Unternehmen\u201c, \u201ewir\u201c, \u201euns\u201c, \u201eunser\u201c in diesem Dokument) bezieht sich auf HEALTHY AND SAFE AWAY FROM HOME \u2013 Luitgard Holzleg, Waldmattstrasse 1, 8135 Langnau am Albis.<\/p><p><strong>Cookies<\/strong> sind kleine Dateien, die auf Ihrem Ger\u00e4t abgelegt werden und Informationen wie den Verlauf Ihres Website-Besuchs speichern.<\/p><p><strong>Land bezieht sich auf<\/strong>: Schweiz<br>Ger\u00e4t bezeichnet jedes Ger\u00e4t, das auf den Dienst zugreifen kann, z.\u202fB. Computer, Mobiltelefon oder Tablet.<\/p><p><strong>Personenbezogene Daten<\/strong> sind alle Informationen, die sich auf eine identifizierte oder identifizierbare Person beziehen.<\/p><p><strong>Dienst<\/strong> bezieht sich auf die Website.<\/p><p><strong>Dienstleister<\/strong> bezeichnet jede natuerliche oder juristische Person, die Daten im Auftrag des Unternehmens verarbeitet. Es handelt sich um Drittanbieter oder Einzelpersonen, die vom Unternehmen beauftragt wurden, den Dienst zu erleichtern, den Dienst im Namen des Unternehmens bereitzustellen, dienstleistungsbezogene Leistungen zu erbringen oder das Unternehmen bei der Analyse der Nutzung des Dienstes zu unterstuetzen. <\/p><p><strong>Nutzungsdaten<\/strong> bezieht sich auf Daten, die automatisch erfasst werden, entweder durch die Nutzung des Dienstes oder von der Dienstinfrastruktur selbst (z.\u202fB. Dauer eines Seitenbesuchs).<br>Website bezieht sich auf <strong>www.healthyandsafe.ch<\/strong>, erreichbar unter https:\/\/www.healthyandsafe.ch<\/p><p><strong>Sie<\/strong> bezeichnet die Person, die auf den Dienst zugreift oder ihn nutzt, oder das Unternehmen oder eine andere juristische Person, in deren Namen diese Person auf den Dienst zugreift oder ihn nutzt, je nach Fall.<\/p><h2> <\/h2><h2><strong>Erhebung und Verwendung Ihrer personenbezogenen Daten<\/strong><\/h2><h3>Arten der erhobenen Daten<br><br><\/h3><p><strong>Personenbezogene Daten<\/strong><br>Bei der Nutzung unseres Dienstes koennen wir Sie bitten, uns bestimmte personenbezogene Daten zur Verfuegung zu stellen, die zur Kontaktaufnahme oder Identifizierung verwendet werden koennen. Personenbezogene Daten koennen unter anderem Folgendes umfassen: <\/p><p>E-Mail-Adresse<br>Vor- und Nachname<br>Geburtsdatum<br>Telefonnummer<br>Adresse, Bundesland, Kanton, Postleitzahl, Stadt<\/p><h2> <\/h2><h2><strong>Nutzungsdaten<\/strong><\/h2><h3>Nutzungsdaten werden automatisch bei der Nutzung des Dienstes erfasst.<\/h3><p>Zu den Nutzungsdaten koennen Informationen wie die IP-Adresse Ihres Geraets, Browsertyp, Browserversion, die Seiten unseres Dienstes, die Sie besuchen, Uhrzeit und Datum Ihres Besuchs, auf diesen Seiten verbrachte Zeit, eindeutige Geraete-Kennungen und andere Diagnosedaten gehoeren.<\/p><p>Wenn Sie ueber ein mobiles Geraet auf den Dienst zugreifen, koennen wir automatisch bestimmte Informationen erfassen, einschliesslich, aber nicht beschraenkt auf, den Typ des verwendeten Mobilgeraets, die eindeutige ID Ihres Geraets, die IP-Adresse Ihres Mobilgeraets, Ihr mobiles Betriebssystem, den Typ des von Ihnen verwendeten mobilen Internetbrowsers, eindeutige Geraete-Kennungen und andere Diagnosedaten.<\/p><p>Wir koennen auch Informationen erfassen, die Ihr Browser sendet, wenn Sie unseren Dienst besuchen oder wenn Sie ueber ein mobiles Geraet darauf zugreifen.<\/p><p><strong>Tracking-Technologien und Cookies<\/strong><br>Wir verwenden Cookies und aehnliche Tracking-Technologien, um die Aktivitaet auf unserem Dienst zu verfolgen und bestimmte Informationen zu speichern. Eingesetzte Tracking-Technologien sind Beacons, Tags und Skripte, um Informationen zu sammeln und zu analysieren und unseren Dienst zu verbessern. Die von uns verwendeten Technologien koennen Folgendes umfassen:  <\/p><p>Cookies oder Browser-Cookies<\/p><ul><li>Ein Cookie ist eine kleine Datei, die auf Ihrem Geraet gespeichert wird. Sie koennen Ihren Browser anweisen, alle Cookies abzulehnen oder anzugeben, wenn ein Cookie gesendet wird. Wenn Sie jedoch keine Cookies akzeptieren, koennen Sie moeglicherweise einige Teile unseres Dienstes nicht nutzen. Sofern Sie Ihre Browsereinstellungen nicht so angepasst haben, dass Cookies abgelehnt werden, kann unser Dienst Cookies verwenden.   <\/li><\/ul><p><br>Web-Beacons<\/p><ul><li><span style=\"font-family: -apple-system, BlinkMacSystemFont, 'Segoe UI', Roboto, 'Helvetica Neue', Arial, 'Noto Sans', sans-serif, 'Apple Color Emoji', 'Segoe UI Emoji', 'Segoe UI Symbol', 'Noto Color Emoji';\">Bestimmte Bereiche unseres Dienstes und unserer E-Mails koennen kleine elektronische Dateien enthalten, die als Web-Beacons (auch als Clear GIFs, Pixel-Tags und Single-Pixel-GIFs bezeichnet) bekannt sind und es dem Unternehmen unter anderem ermoeglichen, Nutzer zu zaehlen, die diese Seiten besucht oder eine E-Mail geo\u0308ffnet haben, sowie andere damit verbundene Website-Statistiken zu erfassen (z.\u202fB. die Beliebtheit eines bestimmten Abschnitts und die Integritaet des Systems und Servers zu ueberpruefen).<\/span><\/li><\/ul><p><br>Cookies koennen \u201ePersistent\u201c oder \u201eSession\u201c-Cookies sein<br>Persistent Cookies verbleiben auf Ihrem Computer oder Mobilgeraet, wenn Sie offline gehen, waehrend Session-Cookies geloescht werden, sobald Sie Ihren Webbrowser schliessen.  <\/p><p>Wir verwenden sowohl Session- als auch Persistent-Cookies zu folgenden Zwecken:<\/p><p><strong>Notwendige \/ essentielle Cookies<\/strong><br>Typ: Session-Cookies<br>Verwaltet von: Uns<br>Zweck: Diese Cookies sind notwendig, um Ihnen Dienste bereitzustellen, die ueber die Website verfuegbar sind, und um deren Funktionen zu nutzen. Sie helfen bei der Authentifizierung und verhindern die betruegerische Nutzung von Konten. Ohne diese Cookies koennen die von Ihnen angeforderten Dienste nicht bereitgestellt werden.  <\/p><p><strong>Cookies zur Zustimmung zur Cookie-Richtlinie<\/strong><br>Typ: Persistent-Cookies<br>Verwaltet von: Uns<br>Zweck: Diese Cookies identifizieren, ob Nutzer der Verwendung von Cookies auf der Website zugestimmt haben.<\/p><p><strong>Funktionscookies<\/strong><br>Typ: Persistent-Cookies<br>Verwaltet von: Uns<br>Zweck: Diese Cookies ermoeglichen es uns, Ihre Entscheidungen zu speichern, wie z.\u202fB. Login-Daten oder Spracheinstellungen, um Ihnen ein persoenlicheres Erlebnis zu bieten. <\/p><p>Weitere Informationen zu den von uns verwendeten Cookies und Ihren Wahlmoeglichkeiten finden Sie in unserer Cookie-Richtlinie oder im Abschnitt \u201eCookies\u201c dieser Datenschutzerklaerung.<\/p><h2> <\/h2><h2><strong>Verwendung Ihrer personenbezogenen Daten<\/strong><\/h2><h3>Das Unternehmen kann personenbezogene Daten zu folgenden Zwecken verwenden:<\/h3><p><strong>Zur Bereitstellung und Wartung unseres Dienstes<\/strong>, einschliesslich der Ueberwachung der Nutzung unseres Dienstes.<\/p><p><strong>Zur Verwaltung Ihres Kontos:<\/strong> um Ihre Registrierung als Nutzer des Dienstes zu verwalten. Die von Ihnen bereitgestellten personenbezogenen Daten koennen Ihnen Zugang zu verschiedenen Funktionen des Dienstes geben, die Ihnen als registrierter Nutzer zur Verfuegung stehen. <\/p><p><strong>Zur Erf\u00fcllung eines Vertrags:<\/strong> die Entwicklung, Einhaltung und Durchf\u00fchrung des Kaufvertrags f\u00fcr die Produkte, Artikel oder Dienstleistungen, die Sie gekauft haben, oder eines anderen Vertrags mit uns \u00fcber den Dienst.<\/p><p><strong>Zur Kontaktaufnahme mit Ihnen<\/strong>: per E-Mail, Telefonanrufe, SMS oder andere gleichwertige Formen der elektronischen Kommunikation, wie Push-Benachrichtigungen von mobilen Anwendungen \u00fcber Updates oder informative Mitteilungen im Zusammenhang mit den Funktionen, Produkten oder vertraglich vereinbarten Dienstleistungen, einschliesslich Sicherheitsupdates, wenn dies f\u00fcr deren Implementierung notwendig oder sinnvoll ist.<\/p><p>Um Ihnen Nachrichten, Sonderangebote und allgemeine Informationen \u00fcber andere von uns angebotene Waren, Dienstleistungen und Veranstaltungen <strong>zukommen zu lassen<\/strong>, die denen \u00e4hnlich sind, die Sie bereits gekauft oder angefragt haben, es sei denn, Sie haben sich dagegen entschieden, solche Informationen zu erhalten.<\/p><p><strong>Um Ihre Anfragen zu verwalten<\/strong>: Zur Bearbeitung und Verwaltung Ihrer Anfragen an uns.<\/p><p><strong>F\u00fcr Unternehmens\u00fcbertragungen<\/strong>: Wir k\u00f6nnen Ihre Informationen verwenden, um eine Fusion, Ver\u00e4usserung, Umstrukturierung, Aufl\u00f6sung oder einen anderen Verkauf oder Transfer einiger oder aller unserer Verm\u00f6genswerte zu bewerten oder durchzuf\u00fchren, sei es als laufendes Unternehmen oder im Rahmen eines Konkurses, einer Liquidation oder eines \u00e4hnlichen Verfahrens, wobei personenbezogene Daten, die wir \u00fcber Nutzer unseres Dienstes besitzen, zu den \u00fcbertragenen Verm\u00f6genswerten geh\u00f6ren.<\/p><p><strong>F\u00fcr andere Zwecke<\/strong>: Wir k\u00f6nnen Ihre Informationen f\u00fcr andere Zwecke verwenden, wie z.\u202fB. zur Datenanalyse, zur Identifizierung von Nutzungstrends, zur Bestimmung der Wirksamkeit unserer Werbekampagnen und zur Bewertung und Verbesserung unseres Dienstes, unserer Produkte, Dienstleistungen, unseres Marketings und Ihrer Nutzererfahrung.<\/p><p>Wir k\u00f6nnen Ihre personenbezogenen Daten in folgenden Situationen weitergeben:<br>\u2022 Mit Dienstleistern: Wir k\u00f6nnen Ihre personenbezogenen Daten mit Dienstleistern teilen, um die Nutzung unseres Dienstes zu \u00fcberwachen und zu analysieren, um mit Ihnen zu kommunizieren.<\/p><p>\u2022 F\u00fcr Unternehmens\u00fcbertragungen: Wir k\u00f6nnen Ihre personenbezogenen Daten im Zusammenhang mit oder w\u00e4hrend der Verhandlungen \u00fcber eine Fusion, den Verkauf von Unternehmensverm\u00f6gen, die Finanzierung oder den Erwerb unseres gesamten Unternehmens oder eines Teils davon an ein anderes Unternehmen weitergeben oder \u00fcbertragen.<\/p><p>\u2022 Mit verbundenen Unternehmen: Wir k\u00f6nnen Ihre Informationen mit unseren verbundenen Unternehmen teilen, in diesem Fall werden wir diese verbundenen Unternehmen verpflichten, diese Datenschutzerkl\u00e4rung einzuhalten. Verbundene Unternehmen umfassen unsere Muttergesellschaft und alle anderen Tochtergesellschaften, Joint-Venture-Partner oder andere Unternehmen, die wir kontrollieren oder die unter gemeinsamer Kontrolle mit uns stehen. <\/p><p>\u2022 Mit Gesch\u00e4ftspartnern: Wir k\u00f6nnen Ihre Informationen mit unseren Gesch\u00e4ftspartnern teilen, um Ihnen bestimmte Produkte, Dienstleistungen oder Werbeaktionen anzubieten.<\/p><p>\u2022 Mit anderen Nutzern: Wenn Sie personenbezogene Informationen teilen oder auf andere Weise in den \u00f6ffentlichen Bereichen mit anderen Nutzern interagieren, k\u00f6nnen diese Informationen von allen Nutzern eingesehen werden und \u00f6ffentlich ausserhalb verbreitet werden.<\/p><p>\u2022 Mit Ihrer Zustimmung: Wir k\u00f6nnen Ihre personenbezogenen Daten mit Ihrer ausdr\u00fccklichen Zustimmung f\u00fcr andere Zwecke offenlegen.<\/p><p> <\/p><h2><strong>Aufbewahrung Ihrer personenbezogenen Daten<\/strong><\/h2><p>Das Unternehmen wird Ihre personenbezogenen Daten nur so lange aufbewahren, wie es f\u00fcr die in dieser Datenschutzerkl\u00e4rung dargelegten Zwecke erforderlich ist. Wir werden Ihre personenbezogenen Daten aufbewahren und verwenden, soweit dies erforderlich ist, um unseren gesetzlichen Verpflichtungen nachzukommen (wenn wir z.\u202fB. verpflichtet sind, Ihre Daten zur Einhaltung geltender Gesetze aufzubewahren), Streitigkeiten beizulegen und unsere rechtlichen Vereinbarungen und Richtlinien durchzusetzen. <\/p><p>Das Unternehmen wird Nutzungsdaten auch f\u00fcr interne Analysezwecke aufbewahren. Nutzungsdaten werden in der Regel f\u00fcr einen k\u00fcrzeren Zeitraum aufbewahrt, es sei denn, diese Daten werden zur St\u00e4rkung der Sicherheit oder zur Verbesserung der Funktionalit\u00e4t unseres Dienstes verwendet, oder wir sind gesetzlich verpflichtet, diese Daten f\u00fcr l\u00e4ngere Zeitr\u00e4ume aufzubewahren. <\/p><p> <\/p><h2><strong>\u00dcbermittlung Ihrer personenbezogenen Daten<\/strong><\/h2><p>Ihre Informationen, einschliesslich personenbezogener Daten, werden in den Gesch\u00e4ftsr\u00e4umen des Unternehmens und an anderen Orten verarbeitet, an denen sich die an der Verarbeitung beteiligten Parteien befinden. Das bedeutet, dass diese Informationen an \u2014 und auf \u2014 Computer ausserhalb Ihres Kantons, Ihrer Region, Ihres Landes oder anderer staatlicher Gerichtsbarkeiten \u00fcbertragen und dort gespeichert werden k\u00f6nnen, in denen die Datenschutzgesetze von denen Ihrer Gerichtsbarkeit abweichen k\u00f6nnen. <\/p><p>Ihre Zustimmung zu dieser Datenschutzerkl\u00e4rung und die anschliessende \u00dcbermittlung solcher Informationen stellt Ihre Zustimmung zu dieser \u00dcbertragung dar.<\/p><p>Das Unternehmen wird alle angemessenen Schritte unternehmen, um sicherzustellen, dass Ihre Daten sicher und in \u00dcbereinstimmung mit dieser Datenschutzerkl\u00e4rung behandelt werden, und keine \u00dcbertragung Ihrer personenbezogenen Daten an eine Organisation oder ein Land wird stattfinden, es sei denn, es gibt angemessene Kontrollen, einschliesslich der Sicherheit Ihrer Daten und anderer pers\u00f6nlicher Informationen.<\/p><p> <\/p><h2><strong>L\u00f6schung Ihrer personenbezogenen Daten<\/strong><\/h2><p>Sie haben das Recht, die L\u00f6schung Ihrer personenbezogenen Daten zu verlangen oder uns um Unterst\u00fctzung bei der L\u00f6schung der personenbezogenen Daten zu bitten, die wir \u00fcber Sie gesammelt haben.<\/p><p>Unser Dienst kann Ihnen die M\u00f6glichkeit geben, bestimmte Informationen \u00fcber Sie direkt im Dienst zu l\u00f6schen.<\/p><p>Sie k\u00f6nnen Ihre Informationen jederzeit aktualisieren, \u00e4ndern oder l\u00f6schen, indem Sie sich in Ihr Konto einloggen, falls Sie eines besitzen, und den Bereich der Kontoeinstellungen besuchen, in dem Sie Ihre pers\u00f6nlichen Daten verwalten k\u00f6nnen.<\/p><p>Sie k\u00f6nnen uns auch kontaktieren, um Zugang zu Ihren pers\u00f6nlichen Daten zu beantragen, diese zu berichtigen oder zu l\u00f6schen.<\/p><p>Bitte beachten Sie jedoch, dass wir bestimmte Informationen m\u00f6glicherweise aufbewahren m\u00fcssen, wenn wir gesetzlich dazu verpflichtet sind oder eine rechtm\u00e4\u00dfige Grundlage daf\u00fcr besteht.<\/p><p> <\/p><h2><strong>Offenlegung Ihrer personenbezogenen Daten<\/strong><\/h2><p><strong>Gesch\u00e4ftliche Transaktionen<\/strong><br>Falls das Unternehmen in eine Fusion, \u00dcbernahme oder den Verkauf von Verm\u00f6genswerten involviert ist, k\u00f6nnen Ihre personenbezogenen Daten \u00fcbertragen werden. Wir werden Sie vor der \u00dcbertragung informieren und vorsehen, dass Ihre personenbezogenen Daten ab dann einer anderen Datenschutzerkl\u00e4rung unterliegen. <\/p><p><strong>Rechtliche Verpflichtungen<\/strong><br>Unter bestimmten Umst\u00e4nden kann das Unternehmen verpflichtet sein, Ihre personenbezogenen Daten offenzulegen, wenn dies gesetzlich verlangt wird oder als Reaktion auf g\u00fcltige Anfragen von \u00f6ffentlichen Beh\u00f6rden (z.\u202fB. Gericht oder Regierungsbeh\u00f6rde).<\/p><p><strong>Andere rechtliche Anforderungen<\/strong><br>Das Unternehmen kann Ihre personenbezogenen Daten offenlegen, wenn wir in gutem Glauben davon ausgehen, dass dies notwendig ist:<br>\u2022 Zur Erf\u00fcllung einer gesetzlichen Verpflichtung<br>\u2022 Zum Schutz und zur Verteidigung der Rechte oder des Eigentums des Unternehmens<br>\u2022 Zur Verhinderung oder Untersuchung m\u00f6glicher Verst\u00f6sse im Zusammenhang mit dem Dienst<br>\u2022 Zum Schutz der pers\u00f6nlichen Sicherheit der Nutzer des Dienstes oder der \u00d6ffentlichkeit<br>\u2022 Zum Schutz gegen rechtliche Haftung<\/p><p><strong>Sicherheit Ihrer personenbezogenen Daten<\/strong><br>Die Sicherheit Ihrer personenbezogenen Daten ist uns wichtig, aber denken Sie daran, dass keine Methode der \u00dcbertragung \u00fcber das Internet oder elektronische Speicherung zu 100 % sicher ist. W\u00e4hrend wir bestrebt sind, kommerziell akzeptable Mittel zum Schutz Ihrer personenbezogenen Daten einzusetzen, k\u00f6nnen wir deren absolute Sicherheit nicht garantieren. <\/p><p> <\/p><h2><strong>Datenschutz von Kindern<\/strong><\/h2><p>Unser Dienst richtet sich nicht an Personen unter 13 Jahren. Wir sammeln wissentlich keine personenbezogenen Daten von Personen unter 13 Jahren. Wenn Sie Elternteil oder Erziehungsberechtigter sind und wissen, dass Ihr Kind uns personenbezogene Daten bereitgestellt hat, kontaktieren Sie uns bitte. Wenn wir erfahren, dass wir personenbezogene Daten von Personen unter 13 Jahren ohne elterliche Zustimmung gesammelt haben, ergreifen wir Massnahmen, um diese Informationen von unseren Servern zu entfernen.   <\/p><p>Falls wir f\u00fcr die Verarbeitung Ihrer Daten auf Ihre Zustimmung angewiesen sind und Ihr Land die Zustimmung eines Elternteils verlangt, k\u00f6nnen wir vor der Sammlung und Nutzung dieser Informationen die Zustimmung Ihres Elternteils verlangen.<\/p><p> <\/p><h2><strong>Links zu anderen Websites<\/strong><\/h2><p>Unser Dienst kann Links zu anderen Websites enthalten, die nicht von uns betrieben werden. Wenn Sie auf einen Link eines Drittanbieters klicken, werden Sie zu dessen Website weitergeleitet. Wir empfehlen Ihnen dringend, die Datenschutzerkl\u00e4rung jeder Website, die Sie besuchen, zu \u00fcberpr\u00fcfen.  <\/p><p>Wir haben keine Kontrolle \u00fcber und \u00fcbernehmen keine Verantwortung f\u00fcr die Inhalte, Datenschutzrichtlinien oder Praktiken von Drittanbieter-Websites oder -Diensten.<\/p><p> <\/p><h2><strong>\u00c4nderungen dieser Datenschutzerkl\u00e4rung<\/strong><\/h2><p>Wir k\u00f6nnen unsere Datenschutzerkl\u00e4rung von Zeit zu Zeit aktualisieren. Wir werden Sie \u00fcber \u00c4nderungen informieren, indem wir die neue Datenschutzerkl\u00e4rung auf dieser Seite ver\u00f6ffentlichen.<br>Wir werden Sie vor Inkrafttreten der \u00c4nderungen per E-Mail und\/oder durch eine auff\u00e4llige Mitteilung in unserem Dienst informieren und das \u201eZuletzt aktualisiert\u201c-Datum am Anfang dieser Datenschutzerkl\u00e4rung anpassen. <\/p><p>Wir empfehlen Ihnen, diese Datenschutzerkl\u00e4rung regelm\u00e4ssig zu \u00fcberpr\u00fcfen, um \u00fcber \u00c4nderungen informiert zu sein. \u00c4nderungen dieser Datenschutzerkl\u00e4rung treten in Kraft, sobald sie auf dieser Seite ver\u00f6ffentlicht werden. <\/p><p> <\/p><h2><strong>Kontaktieren Sie uns<\/strong><\/h2><p>Wenn Sie Fragen zu dieser Datenschutzerkl\u00e4rung haben, k\u00f6nnen Sie uns kontaktieren:<br>\u2022 Per E-Mail: office@healthyandsafe.ch<br>\u2022 Oder \u00fcber diese Seite auf unserer Website: https:\/\/www.healthyandsafe.ch\/datenschutz\/<\/p>\t\t\t\t\t\t\t\t<\/div>\n\t\t\t\t<\/div>\n\t\t\t\t\t<\/div>\n\t\t\t\t<\/div>\n\t\t\t\t<\/div>\n\t\t","protected":false},"excerpt":{"rendered":"<p>Datenschutzerkl\u00e4rung Diese Datenschutzerkl\u00e4rung beschreibt unsere Richtlinien und Verfahren zur Erhebung, Nutzung und Offenlegung Ihrer Daten bei der Nutzung unseres Dienstes und informiert Sie \u00fcber Ihre Datenschutzrechte sowie dar\u00fcber, wie das Gesetz Sie sch\u00fctzt.Wir verwenden Ihre personenbezogenen Daten, um den Dienst bereitzustellen und zu verbessern. Durch die Nutzung des Dienstes stimmen Sie der Erhebung und Verwendung [&hellip;]<\/p>\n","protected":false},"author":1,"featured_media":0,"parent":0,"menu_order":0,"comment_status":"closed","ping_status":"closed","template":"","meta":{"_acf_changed":false,"footnotes":""},"class_list":["post-7932","page","type-page","status-publish","hentry"],"acf":[],"_links":{"self":[{"href":"https:\/\/www.healthyandsafe.ch\/de\/wp-json\/wp\/v2\/pages\/7932","targetHints":{"allow":["GET"]}}],"collection":[{"href":"https:\/\/www.healthyandsafe.ch\/de\/wp-json\/wp\/v2\/pages"}],"about":[{"href":"https:\/\/www.healthyandsafe.ch\/de\/wp-json\/wp\/v2\/types\/page"}],"author":[{"embeddable":true,"href":"https:\/\/www.healthyandsafe.ch\/de\/wp-json\/wp\/v2\/users\/1"}],"replies":[{"embeddable":true,"href":"https:\/\/www.healthyandsafe.ch\/de\/wp-json\/wp\/v2\/comments?post=7932"}],"version-history":[{"count":2,"href":"https:\/\/www.healthyandsafe.ch\/de\/wp-json\/wp\/v2\/pages\/7932\/revisions"}],"predecessor-version":[{"id":8165,"href":"https:\/\/www.healthyandsafe.ch\/de\/wp-json\/wp\/v2\/pages\/7932\/revisions\/8165"}],"wp:attachment":[{"href":"https:\/\/www.healthyandsafe.ch\/de\/wp-json\/wp\/v2\/media?parent=7932"}],"curies":[{"name":"wp","href":"https:\/\/api.w.org\/{rel}","templated":true}]}}