{"id":7928,"date":"2025-04-16T15:45:42","date_gmt":"2025-04-16T13:45:42","guid":{"rendered":"https:\/\/www.healthyandsafe.biz\/disclaimer\/"},"modified":"2025-07-23T16:31:39","modified_gmt":"2025-07-23T14:31:39","slug":"disclaimer","status":"publish","type":"page","link":"https:\/\/www.healthyandsafe.ch\/de\/disclaimer\/","title":{"rendered":"Disclaimer"},"content":{"rendered":"\t\t<div data-elementor-type=\"wp-page\" data-elementor-id=\"7928\" class=\"elementor elementor-7928 elementor-61\" data-elementor-post-type=\"page\">\n\t\t\t\t<div class=\"elementor-element elementor-element-8c83b70 e-flex e-con-boxed e-con e-parent\" data-id=\"8c83b70\" data-element_type=\"container\" data-e-type=\"container\">\n\t\t\t\t\t<div class=\"e-con-inner\">\n\t\t\t\t<div class=\"elementor-element elementor-element-c266640 elementor-widget elementor-widget-heading\" data-id=\"c266640\" data-element_type=\"widget\" data-e-type=\"widget\" data-widget_type=\"heading.default\">\n\t\t\t\t<div class=\"elementor-widget-container\">\n\t\t\t\t\t<h1 class=\"elementor-heading-title elementor-size-default\">Disclaimer<\/h1>\t\t\t\t<\/div>\n\t\t\t\t<\/div>\n\t\t\t\t\t<\/div>\n\t\t\t\t<\/div>\n\t\t<div class=\"elementor-element elementor-element-ebb5486 e-flex e-con-boxed e-con e-parent\" data-id=\"ebb5486\" data-element_type=\"container\" data-e-type=\"container\">\n\t\t\t\t\t<div class=\"e-con-inner\">\n\t\t\t\t<div class=\"elementor-element elementor-element-12b14fc elementor-widget elementor-widget-text-editor\" data-id=\"12b14fc\" data-element_type=\"widget\" data-e-type=\"widget\" data-widget_type=\"text-editor.default\">\n\t\t\t\t<div class=\"elementor-widget-container\">\n\t\t\t\t\t\t\t\t\t<p>Die Informationen auf dieser Website dienen ausschliesslich allgemeinen Informationszwecken. <\/p><p>Die Informationen werden von HEALTHY AND SAFE AWAY FROM HOME bereitgestellt. Wir bem\u00fchen uns, die Inhalte aktuell und korrekt zu halten, \u00fcbernehmen jedoch keinerlei Gew\u00e4hr \u2013 weder ausdr\u00fccklich noch stillschweigend \u2013 hinsichtlich Vollst\u00e4ndigkeit, Richtigkeit, Verl\u00e4sslichkeit, Geeignetheit oder Verf\u00fcgbarkeit in Bezug auf die Website oder die darin enthaltenen Informationen, Produkte, Dienstleistungen oder zugeh\u00f6rigen Grafiken \u2013 f\u00fcr irgendeinen Zweck. Jegliches Vertrauen, das Sie in diese Informationen setzen, erfolgt daher ausschliesslich auf eigenes Risiko. <\/p><p>In keinem Fall haften wir f\u00fcr Verluste oder Sch\u00e4den, einschliesslich \u2013 aber nicht beschr\u00e4nkt auf \u2013 indirekte oder Folgesch\u00e4den oder Verluste, oder f\u00fcr Verluste oder Sch\u00e4den jeglicher Art, die sich aus dem Verlust von Daten oder Gewinnen ergeben, die im Zusammenhang mit der Nutzung dieser Website entstehen.<\/p><p>\u00dcber diese Website k\u00f6nnen Sie zu anderen Websites weitergeleitet werden, die nicht unter der Kontrolle von HEALTHY AND SAFE AWAY FROM HOME stehen. Wir haben keinen Einfluss auf Art, Inhalt und Verf\u00fcgbarkeit dieser Seiten. Die Aufnahme von Links bedeutet nicht zwangsl\u00e4ufig, dass wir die darin vertretenen Inhalte empfehlen oder unterst\u00fctzen.  <\/p><p>Wir setzen alles daran, den Betrieb der Website reibungslos aufrechtzuerhalten. HEALTHY AND SAFE AWAY FROM HOME \u00fcbernimmt jedoch keine Verantwortung f\u00fcr \u2013 und haftet nicht f\u00fcr \u2013 die vor\u00fcbergehende Nichtverf\u00fcgbarkeit der Website aufgrund technischer Probleme, die ausserhalb unseres Einflussbereichs liegen. <\/p>\t\t\t\t\t\t\t\t<\/div>\n\t\t\t\t<\/div>\n\t\t\t\t\t<\/div>\n\t\t\t\t<\/div>\n\t\t\t\t<\/div>\n\t\t","protected":false},"excerpt":{"rendered":"<p>Disclaimer Die Informationen auf dieser Website dienen ausschliesslich allgemeinen Informationszwecken. Die Informationen werden von HEALTHY AND SAFE AWAY FROM HOME bereitgestellt. Wir bem\u00fchen uns, die Inhalte aktuell und korrekt zu halten, \u00fcbernehmen jedoch keinerlei Gew\u00e4hr \u2013 weder ausdr\u00fccklich noch stillschweigend \u2013 hinsichtlich Vollst\u00e4ndigkeit, Richtigkeit, Verl\u00e4sslichkeit, Geeignetheit oder Verf\u00fcgbarkeit in Bezug auf die Website oder die [&hellip;]<\/p>\n","protected":false},"author":1,"featured_media":0,"parent":0,"menu_order":0,"comment_status":"closed","ping_status":"closed","template":"","meta":{"_acf_changed":false,"footnotes":""},"class_list":["post-7928","page","type-page","status-publish","hentry"],"acf":[],"_links":{"self":[{"href":"https:\/\/www.healthyandsafe.ch\/de\/wp-json\/wp\/v2\/pages\/7928","targetHints":{"allow":["GET"]}}],"collection":[{"href":"https:\/\/www.healthyandsafe.ch\/de\/wp-json\/wp\/v2\/pages"}],"about":[{"href":"https:\/\/www.healthyandsafe.ch\/de\/wp-json\/wp\/v2\/types\/page"}],"author":[{"embeddable":true,"href":"https:\/\/www.healthyandsafe.ch\/de\/wp-json\/wp\/v2\/users\/1"}],"replies":[{"embeddable":true,"href":"https:\/\/www.healthyandsafe.ch\/de\/wp-json\/wp\/v2\/comments?post=7928"}],"version-history":[{"count":1,"href":"https:\/\/www.healthyandsafe.ch\/de\/wp-json\/wp\/v2\/pages\/7928\/revisions"}],"predecessor-version":[{"id":7929,"href":"https:\/\/www.healthyandsafe.ch\/de\/wp-json\/wp\/v2\/pages\/7928\/revisions\/7929"}],"wp:attachment":[{"href":"https:\/\/www.healthyandsafe.ch\/de\/wp-json\/wp\/v2\/media?parent=7928"}],"curies":[{"name":"wp","href":"https:\/\/api.w.org\/{rel}","templated":true}]}}